{"id":93,"date":"2021-10-19T11:04:23","date_gmt":"2021-10-19T11:04:23","guid":{"rendered":"https:\/\/rockforum-nottuln.de\/?page_id=93"},"modified":"2026-04-01T09:34:24","modified_gmt":"2026-04-01T09:34:24","slug":"start","status":"publish","type":"page","link":"https:\/\/rockforum-nottuln.de\/","title":{"rendered":"Start"},"content":{"rendered":"\n<p class=\"has-text-align-left\">Herzlich willkommen beim Rockforum Nottuln.   <\/p>\n\n\n\n<p>Zweimal im Jahr lassen wir es richtig krachen. Dann starten wir die <strong><a href=\"https:\/\/rockforum-nottuln.de\/?page_id=26\">Nottulner Rockn\u00e4chte<\/a><\/strong>.<br>Dazu laden wir euch gerne ein.    Wir freuen uns auf Euch.     <br>Klaus, Klaus und Robert<\/p>\n\n\n\n<p class=\"has-white-color has-vivid-red-background-color has-text-color has-background\"><a href=\"https:\/\/rockforum-nottuln.de\/?cat=5\" data-type=\"URL\">ES GEHT WEITER:  <\/a>  im Forum des Rupert Neudeck-Gymnasium<\/p>\n\n\n\n<p class=\"has-white-color has-vivid-red-background-color has-text-color has-background\"><a href=\"https:\/\/rockforum-nottuln.de\/?cat=5\" data-type=\"URL\"><strong>47. Rocknacht<\/strong>  <\/a>               24.04.2026  (Freitag!)<br><a href=\"https:\/\/rockforum-nottuln.de\/?cat=5\"><strong>48. Rocknacht <\/strong> <\/a>               28.11.2026  (Samstag)<\/p>\n\n\n\n<p><\/p>\n\n\n\n<p><\/p>\n\n\n\n<p><\/p>\n\n\n\n<figure class=\"wp-block-image size-large is-style-default\"><img decoding=\"async\" loading=\"lazy\" width=\"1024\" height=\"468\" src=\"https:\/\/rockforum-nottuln.de\/wp-content\/uploads\/2021\/10\/P1160492-1-1-1024x468.jpg\" alt=\"\" class=\"wp-image-165\" srcset=\"https:\/\/rockforum-nottuln.de\/wp-content\/uploads\/2021\/10\/P1160492-1-1-1024x468.jpg 1024w, https:\/\/rockforum-nottuln.de\/wp-content\/uploads\/2021\/10\/P1160492-1-1-300x137.jpg 300w, https:\/\/rockforum-nottuln.de\/wp-content\/uploads\/2021\/10\/P1160492-1-1-768x351.jpg 768w, https:\/\/rockforum-nottuln.de\/wp-content\/uploads\/2021\/10\/P1160492-1-1-1536x702.jpg 1536w, https:\/\/rockforum-nottuln.de\/wp-content\/uploads\/2021\/10\/P1160492-1-1-2048x936.jpg 2048w\" sizes=\"(max-width: 767px) 89vw, (max-width: 1000px) 54vw, (max-width: 1071px) 543px, 580px\" \/><\/figure>\n\n\n<div class=\"wp-block-image\">\n<figure class=\"alignright size-medium is-resized\"><img decoding=\"async\" loading=\"lazy\" width=\"300\" height=\"121\" src=\"https:\/\/rockforum-nottuln.de\/wp-content\/uploads\/2021\/10\/Radio-Kiepenkerl-300x121.jpg\" alt=\"\" class=\"wp-image-160\" style=\"width:150px;height:61px\" srcset=\"https:\/\/rockforum-nottuln.de\/wp-content\/uploads\/2021\/10\/Radio-Kiepenkerl-300x121.jpg 300w, https:\/\/rockforum-nottuln.de\/wp-content\/uploads\/2021\/10\/Radio-Kiepenkerl.jpg 417w\" sizes=\"(max-width: 300px) 100vw, 300px\" \/><\/figure><\/div>\n\n\n<p class=\"has-text-align-left\">M\u00e4rz 2021 fand die Rocknacht im Radio statt: Radio Kiepenkerl.  Die Mitschnitte geben einen guten \u00dcberblick \u00fcber die Musikfarbe der Rocknacht.<\/p>\n\n\n\n<figure class=\"wp-block-audio\"><audio controls src=\"https:\/\/rockforum-nottuln.de\/wp-content\/uploads\/2021\/10\/20-Uhr-Stunde-Rocknacht-2021.mp3\"><\/audio><figcaption class=\"wp-element-caption\">20 bis 21 Uhr<\/figcaption><\/figure>\n\n\n\n<figure class=\"wp-block-audio\"><audio controls src=\"https:\/\/rockforum-nottuln.de\/wp-content\/uploads\/2021\/10\/21-Uhr-Stunde-Rocknacht-2021.mp3\"><\/audio><figcaption class=\"wp-element-caption\">21 bis 22 Uhr<\/figcaption><\/figure>\n\n\n\n<figure class=\"wp-block-audio\"><audio controls src=\"https:\/\/rockforum-nottuln.de\/wp-content\/uploads\/2021\/10\/22-Uhr-Stunde-Rocknacht-2021-2.mp3\"><\/audio><figcaption class=\"wp-element-caption\">22 bis 23 Uhr<\/figcaption><\/figure>\n\n\n\n<figure class=\"wp-block-audio\"><audio controls src=\"https:\/\/rockforum-nottuln.de\/wp-content\/uploads\/2021\/10\/23-Uhr-Stunde-Rocknacht-2021.mp3\"><\/audio><figcaption class=\"wp-element-caption\">23 bis 24 Uhr<\/figcaption><\/figure>\n\n\n\n<figure class=\"wp-block-audio\"><audio controls src=\"https:\/\/rockforum-nottuln.de\/wp-content\/uploads\/2021\/10\/00-Uhr-Stunde-Rocknacht-2021-1.mp3\"><\/audio><figcaption class=\"wp-element-caption\">00 bis 01 Uhr<\/figcaption><\/figure>\n\n\n\n<figure class=\"wp-block-audio\"><audio controls src=\"https:\/\/rockforum-nottuln.de\/wp-content\/uploads\/2021\/10\/01-Uhr-Stunde-Rocknacht-2021.mp3\"><\/audio><figcaption class=\"wp-element-caption\">01 bis 02 Uhr<\/figcaption><\/figure>\n\n\n\n<p><\/p>\n","protected":false},"excerpt":{"rendered":"<p>Herzlich willkommen beim Rockforum Nottuln. Zweimal im Jahr lassen wir es richtig krachen. Dann starten wir die Nottulner Rockn\u00e4chte.Dazu laden wir euch gerne ein. Wir freuen uns auf Euch. Klaus, Klaus und Robert ES GEHT WEITER: im Forum des Rupert Neudeck-Gymnasium 47. Rocknacht 24.04.2026 (Freitag!)48. Rocknacht 28.11.2026 (Samstag) M\u00e4rz 2021 fand die Rocknacht im Radio &hellip; <\/p>\n<p class=\"link-more\"><a href=\"https:\/\/rockforum-nottuln.de\/\" class=\"more-link\"><span class=\"screen-reader-text\">\u201eStart\u201c<\/span> weiterlesen<\/a><\/p>\n","protected":false},"author":1,"featured_media":0,"parent":0,"menu_order":0,"comment_status":"closed","ping_status":"closed","template":"","meta":{"footnotes":""},"_links":{"self":[{"href":"https:\/\/rockforum-nottuln.de\/index.php?rest_route=\/wp\/v2\/pages\/93"}],"collection":[{"href":"https:\/\/rockforum-nottuln.de\/index.php?rest_route=\/wp\/v2\/pages"}],"about":[{"href":"https:\/\/rockforum-nottuln.de\/index.php?rest_route=\/wp\/v2\/types\/page"}],"author":[{"embeddable":true,"href":"https:\/\/rockforum-nottuln.de\/index.php?rest_route=\/wp\/v2\/users\/1"}],"replies":[{"embeddable":true,"href":"https:\/\/rockforum-nottuln.de\/index.php?rest_route=%2Fwp%2Fv2%2Fcomments&post=93"}],"version-history":[{"count":32,"href":"https:\/\/rockforum-nottuln.de\/index.php?rest_route=\/wp\/v2\/pages\/93\/revisions"}],"predecessor-version":[{"id":381,"href":"https:\/\/rockforum-nottuln.de\/index.php?rest_route=\/wp\/v2\/pages\/93\/revisions\/381"}],"wp:attachment":[{"href":"https:\/\/rockforum-nottuln.de\/index.php?rest_route=%2Fwp%2Fv2%2Fmedia&parent=93"}],"curies":[{"name":"wp","href":"https:\/\/api.w.org\/{rel}","templated":true}]}}