{"id":119,"date":"2021-10-19T12:23:00","date_gmt":"2021-10-19T12:23:00","guid":{"rendered":"https:\/\/rockforum-nottuln.de\/?page_id=119"},"modified":"2024-03-01T07:44:41","modified_gmt":"2024-03-01T07:44:41","slug":"rock-charts","status":"publish","type":"page","link":"https:\/\/rockforum-nottuln.de\/?page_id=119","title":{"rendered":"Rock-Charts"},"content":{"rendered":"<div class=\"wp-block-image\">\n<figure class=\"alignright size-medium\"><a href=\"https:\/\/rockforum-nottuln.de\/wp-content\/uploads\/2021\/10\/cd-g91a30eed4_640-1.jpg\"><img decoding=\"async\" loading=\"lazy\" width=\"300\" height=\"200\" src=\"https:\/\/rockforum-nottuln.de\/wp-content\/uploads\/2021\/10\/cd-g91a30eed4_640-1-300x200.jpg\" alt=\"\" class=\"wp-image-124\" srcset=\"https:\/\/rockforum-nottuln.de\/wp-content\/uploads\/2021\/10\/cd-g91a30eed4_640-1-300x200.jpg 300w, https:\/\/rockforum-nottuln.de\/wp-content\/uploads\/2021\/10\/cd-g91a30eed4_640-1.jpg 640w\" sizes=\"(max-width: 300px) 100vw, 300px\" \/><\/a><\/figure><\/div>\n\n\n<p>Auf jeder RockNacht stellen die Rockfans ihre eigenen CHARTS zusammen. Die ersten f\u00fcnf Titel werden dann ab Mitternacht gespielt &#8211; und die ersten\u00a0zehn  sind bei der n\u00e4chsten Chartliste wieder als w\u00e4hlbare St\u00fccke mit dabei. <\/p>\n\n\n\n<p>Zurzeit setzen wir diese Tradition aus. <\/p>\n\n\n\n<p> <\/p>\n\n\n\n<h1 class=\"wp-block-heading\">Hitparade vom&nbsp; 17. September&nbsp; 2022<\/h1>\n\n\n\n<figure class=\"wp-block-table\"><table><tbody><tr><td>1. Dire Straits Money for nothing<br>2. Depeche Mode Personal Jesus neu<br>3. Die Toten Hosen Schrei nach Liebe <br>3. J. J. Cale Cocaine<br>5. Queen  Crazy little thing called love<br>6. Deep Purple  Perfect Stranger<br>7. Sister of Mercy Temple of love<br>8. Rolling Stones Brown sugar<br>9. CCR Bad moon rising<br>10. Bots  Was wollen wir trinken<\/td><\/tr><\/tbody><\/table><\/figure>\n","protected":false},"excerpt":{"rendered":"<p>Auf jeder RockNacht stellen die Rockfans ihre eigenen CHARTS zusammen. Die ersten f\u00fcnf Titel werden dann ab Mitternacht gespielt &#8211; und die ersten\u00a0zehn sind bei der n\u00e4chsten Chartliste wieder als w\u00e4hlbare St\u00fccke mit dabei. Zurzeit setzen wir diese Tradition aus. Hitparade vom&nbsp; 17. September&nbsp; 2022 1. Dire Straits Money for nothing2. Depeche Mode Personal Jesus &hellip; <\/p>\n<p class=\"link-more\"><a href=\"https:\/\/rockforum-nottuln.de\/?page_id=119\" class=\"more-link\"><span class=\"screen-reader-text\">\u201eRock-Charts\u201c<\/span> weiterlesen<\/a><\/p>\n","protected":false},"author":1,"featured_media":0,"parent":0,"menu_order":0,"comment_status":"closed","ping_status":"closed","template":"","meta":{"footnotes":""},"_links":{"self":[{"href":"https:\/\/rockforum-nottuln.de\/index.php?rest_route=\/wp\/v2\/pages\/119"}],"collection":[{"href":"https:\/\/rockforum-nottuln.de\/index.php?rest_route=\/wp\/v2\/pages"}],"about":[{"href":"https:\/\/rockforum-nottuln.de\/index.php?rest_route=\/wp\/v2\/types\/page"}],"author":[{"embeddable":true,"href":"https:\/\/rockforum-nottuln.de\/index.php?rest_route=\/wp\/v2\/users\/1"}],"replies":[{"embeddable":true,"href":"https:\/\/rockforum-nottuln.de\/index.php?rest_route=%2Fwp%2Fv2%2Fcomments&post=119"}],"version-history":[{"count":9,"href":"https:\/\/rockforum-nottuln.de\/index.php?rest_route=\/wp\/v2\/pages\/119\/revisions"}],"predecessor-version":[{"id":325,"href":"https:\/\/rockforum-nottuln.de\/index.php?rest_route=\/wp\/v2\/pages\/119\/revisions\/325"}],"wp:attachment":[{"href":"https:\/\/rockforum-nottuln.de\/index.php?rest_route=%2Fwp%2Fv2%2Fmedia&parent=119"}],"curies":[{"name":"wp","href":"https:\/\/api.w.org\/{rel}","templated":true}]}}